{"id":929,"date":"2022-08-25T08:58:36","date_gmt":"2022-08-25T07:58:36","guid":{"rendered":"https:\/\/tekspan.co.uk\/?post_type=product&#038;p=929"},"modified":"2025-12-03T11:26:44","modified_gmt":"2025-12-03T11:26:44","slug":"suporte-de-ponto-fixo-tekspan","status":"publish","type":"product","link":"https:\/\/tekspan.com\/pt\/product\/suporte-de-ponto-fixo-tekspan\/","title":{"rendered":"TekSpan\u00ae Suporte de ponto fixo"},"content":{"rendered":"<div class=\"elementor-element elementor-element-8092b3a ob-has-background-overlay elementor-widget elementor-widget-woocommerce-product-content\" data-id=\"8092b3a\" data-element_type=\"widget\" data-settings=\"{&quot;_ob_perspektive_use&quot;:&quot;no&quot;,&quot;_ob_poopart_use&quot;:&quot;yes&quot;,&quot;_ob_shadough_use&quot;:&quot;no&quot;,&quot;_ob_allow_hoveranimator&quot;:&quot;no&quot;,&quot;_ob_widget_stalker_use&quot;:&quot;no&quot;}\" data-widget_type=\"woocommerce-product-content.default\">\n<div class=\"elementor-widget-container\">\n<p>Suporte regul\u00e1vel em altura para fixa\u00e7\u00e3o de tubagens sem isolamento ac\u00fastico. Para ser utilizado como ponto fixo em conjunto com uma bra\u00e7adeira para tubos.<\/p>\n<\/div>\n<\/div>","protected":false},"excerpt":{"rendered":"<p class=\"_04xlpA direction-ltr align-start para-style-body\"><span class=\"JsGRdQ\">TekSpan\u00ae Suporte cruzado angular de 3 furos de 90\u00b0\u00a0<\/span><\/p>\n<p class=\"_04xlpA direction-ltr align-start para-style-body\"><span class=\"JsGRdQ\">Suporte de montagem transversal de 90\u00b0 com tr\u00eas orif\u00edcios, permitindo um ajuste longitudinal aquando da instala\u00e7\u00e3o.<\/span><\/p>","protected":false},"featured_media":1641,"template":"","meta":{"_acf_changed":false,"content-type":""},"product_brand":[],"product_cat":[46,21],"product_tag":[371],"class_list":{"0":"post-929","1":"product","2":"type-product","3":"status-publish","4":"has-post-thumbnail","6":"product_cat-pipe-supports","7":"product_cat-tekspan-product-range","8":"product_tag-r954-175","10":"first","11":"instock","12":"featured","13":"shipping-taxable","14":"product-type-simple"},"acf":[],"_links":{"self":[{"href":"https:\/\/tekspan.com\/pt\/wp-json\/wp\/v2\/product\/929","targetHints":{"allow":["GET"]}}],"collection":[{"href":"https:\/\/tekspan.com\/pt\/wp-json\/wp\/v2\/product"}],"about":[{"href":"https:\/\/tekspan.com\/pt\/wp-json\/wp\/v2\/types\/product"}],"wp:featuredmedia":[{"embeddable":true,"href":"https:\/\/tekspan.com\/pt\/wp-json\/wp\/v2\/media\/1641"}],"wp:attachment":[{"href":"https:\/\/tekspan.com\/pt\/wp-json\/wp\/v2\/media?parent=929"}],"wp:term":[{"taxonomy":"product_brand","embeddable":true,"href":"https:\/\/tekspan.com\/pt\/wp-json\/wp\/v2\/product_brand?post=929"},{"taxonomy":"product_cat","embeddable":true,"href":"https:\/\/tekspan.com\/pt\/wp-json\/wp\/v2\/product_cat?post=929"},{"taxonomy":"product_tag","embeddable":true,"href":"https:\/\/tekspan.com\/pt\/wp-json\/wp\/v2\/product_tag?post=929"}],"curies":[{"name":"wp","href":"https:\/\/api.w.org\/{rel}","templated":true}]}}