{"id":935,"date":"2022-08-25T09:14:15","date_gmt":"2022-08-25T08:14:15","guid":{"rendered":"https:\/\/tekspan.co.uk\/?post_type=product&#038;p=935"},"modified":"2025-12-03T11:26:44","modified_gmt":"2025-12-03T11:26:44","slug":"tekspan-roller-bearing-duo-axial-pipe-slide-m12","status":"publish","type":"product","link":"https:\/\/tekspan.com\/pt\/product\/tekspan-roller-bearing-duo-axial-pipe-slide-m12\/","title":{"rendered":"Corredi\u00e7a de tubo axial dupla com rolamento de rolos TekSpan\u00ae M12"},"content":{"rendered":"<div class=\"elementor-element elementor-element-8092b3a ob-has-background-overlay elementor-widget elementor-widget-woocommerce-product-content\" data-id=\"8092b3a\" data-element_type=\"widget\" data-settings=\"{&quot;_ob_perspektive_use&quot;:&quot;no&quot;,&quot;_ob_poopart_use&quot;:&quot;yes&quot;,&quot;_ob_shadough_use&quot;:&quot;no&quot;,&quot;_ob_allow_hoveranimator&quot;:&quot;no&quot;,&quot;_ob_widget_stalker_use&quot;:&quot;no&quot;}\" data-widget_type=\"woocommerce-product-content.default\">\n<div class=\"elementor-widget-container\">\n<p>Absor\u00e7\u00e3o da dilata\u00e7\u00e3o axial do comprimento para tubos passados em p\u00e9, suspensos, horizontais ou verticais.<\/p>\n<\/div>\n<\/div>","protected":false},"excerpt":{"rendered":"<p class=\"_04xlpA direction-ltr align-start para-style-body\">Absor\u00e7\u00e3o da dilata\u00e7\u00e3o axial do comprimento para tubos passados em p\u00e9, suspensos, horizontais ou verticais.<\/p>","protected":false},"featured_media":1595,"template":"","meta":{"_acf_changed":false,"content-type":""},"product_brand":[],"product_cat":[46,21],"product_tag":[370],"class_list":{"0":"post-935","1":"product","2":"type-product","3":"status-publish","4":"has-post-thumbnail","6":"product_cat-pipe-supports","7":"product_cat-tekspan-product-range","8":"product_tag-r954-158","10":"first","11":"instock","12":"shipping-taxable","13":"product-type-simple"},"acf":[],"_links":{"self":[{"href":"https:\/\/tekspan.com\/pt\/wp-json\/wp\/v2\/product\/935","targetHints":{"allow":["GET"]}}],"collection":[{"href":"https:\/\/tekspan.com\/pt\/wp-json\/wp\/v2\/product"}],"about":[{"href":"https:\/\/tekspan.com\/pt\/wp-json\/wp\/v2\/types\/product"}],"wp:featuredmedia":[{"embeddable":true,"href":"https:\/\/tekspan.com\/pt\/wp-json\/wp\/v2\/media\/1595"}],"wp:attachment":[{"href":"https:\/\/tekspan.com\/pt\/wp-json\/wp\/v2\/media?parent=935"}],"wp:term":[{"taxonomy":"product_brand","embeddable":true,"href":"https:\/\/tekspan.com\/pt\/wp-json\/wp\/v2\/product_brand?post=935"},{"taxonomy":"product_cat","embeddable":true,"href":"https:\/\/tekspan.com\/pt\/wp-json\/wp\/v2\/product_cat?post=935"},{"taxonomy":"product_tag","embeddable":true,"href":"https:\/\/tekspan.com\/pt\/wp-json\/wp\/v2\/product_tag?post=935"}],"curies":[{"name":"wp","href":"https:\/\/api.w.org\/{rel}","templated":true}]}}